{"id":2649,"date":"2025-09-18T21:39:03","date_gmt":"2025-09-19T00:39:03","guid":{"rendered":"https:\/\/isfd53-bue.infd.edu.ar\/sitio\/?page_id=2649"},"modified":"2025-10-09T21:10:09","modified_gmt":"2025-10-10T00:10:09","slug":"mesas-de-examenes","status":"publish","type":"page","link":"https:\/\/isfd53-bue.infd.edu.ar\/sitio\/mesas-de-examenes\/","title":{"rendered":"MESAS DE EX\u00c1MENES"},"content":{"rendered":"<h3 style=\"text-align: center;\"><strong>INSCRIPCI\u00d3N A FINALES ULTIMA MATERIA &#8211; OCTUBRE 2025<\/strong><\/h3>\n<p>PROFESORADO DE EDUCACI\u00d3N INICIAL &#8211; TURNO VESPERTINO<\/p>\n<p><a href=\"https:\/\/docs.google.com\/forms\/d\/e\/1FAIpQLSeVwcZEu7DE_PuzXHsjK9tviGDe-yCd5SbLGQDCf7UX2kG4Fg\/viewform?pli=1\"><img decoding=\"async\" loading=\"lazy\" class=\"alignnone  wp-image-2655\" src=\"https:\/\/isfd53-bue.infd.edu.ar\/sitio\/wp-content\/uploads\/2025\/10\/C2.jpg\" alt=\"\" width=\"66\" height=\"78\" \/><\/a><\/p>\n<p>TECNICATURA EN TRABAJO SOCIAL &#8211; TURNO VESPERTINO<\/p>\n<p><a href=\"https:\/\/docs.google.com\/forms\/d\/e\/1FAIpQLSesxK2D13N253vnvK1YoEmkqTu059GbtYBAw99dGz-HjvOYPw\/viewform\"><img decoding=\"async\" loading=\"lazy\" class=\"alignnone  wp-image-2655\" src=\"https:\/\/isfd53-bue.infd.edu.ar\/sitio\/wp-content\/uploads\/2025\/10\/C2.jpg\" alt=\"\" width=\"66\" height=\"78\" \/><\/a><\/p>\n<p>PROFESORADO DE EDUCACI\u00d3N PRIMARIA &#8211; TURNO VESPERTINO<\/p>\n<p><a href=\"https:\/\/docs.google.com\/forms\/d\/e\/1FAIpQLSfl2EFcR7njFRM2OphwT__YsI_TDvD6k1ElNNbbrMIO_-8N8A\/viewform\"><img decoding=\"async\" loading=\"lazy\" class=\"wp-image-2655 alignleft\" src=\"https:\/\/isfd53-bue.infd.edu.ar\/sitio\/wp-content\/uploads\/2025\/10\/C2.jpg\" alt=\"\" width=\"66\" height=\"78\" \/><\/a><\/p>\n","protected":false},"excerpt":{"rendered":"<p>INSCRIPCI\u00d3N A FINALES ULTIMA MATERIA &#8211; OCTUBRE 2025 PROFESORADO DE EDUCACI\u00d3N INICIAL &#8211; TURNO VESPERTINO TECNICATURA EN TRABAJO SOCIAL &#8211; TURNO VESPERTINO PROFESORADO DE EDUCACI\u00d3N PRIMARIA &#8211; TURNO VESPERTINO<\/p>\n","protected":false},"author":192,"featured_media":0,"parent":0,"menu_order":0,"comment_status":"closed","ping_status":"closed","template":"","meta":[],"acf":[],"_links":{"self":[{"href":"https:\/\/isfd53-bue.infd.edu.ar\/sitio\/wp-json\/wp\/v2\/pages\/2649"}],"collection":[{"href":"https:\/\/isfd53-bue.infd.edu.ar\/sitio\/wp-json\/wp\/v2\/pages"}],"about":[{"href":"https:\/\/isfd53-bue.infd.edu.ar\/sitio\/wp-json\/wp\/v2\/types\/page"}],"author":[{"embeddable":true,"href":"https:\/\/isfd53-bue.infd.edu.ar\/sitio\/wp-json\/wp\/v2\/users\/192"}],"replies":[{"embeddable":true,"href":"https:\/\/isfd53-bue.infd.edu.ar\/sitio\/wp-json\/wp\/v2\/comments?post=2649"}],"version-history":[{"count":5,"href":"https:\/\/isfd53-bue.infd.edu.ar\/sitio\/wp-json\/wp\/v2\/pages\/2649\/revisions"}],"predecessor-version":[{"id":2660,"href":"https:\/\/isfd53-bue.infd.edu.ar\/sitio\/wp-json\/wp\/v2\/pages\/2649\/revisions\/2660"}],"wp:attachment":[{"href":"https:\/\/isfd53-bue.infd.edu.ar\/sitio\/wp-json\/wp\/v2\/media?parent=2649"}],"curies":[{"name":"wp","href":"https:\/\/api.w.org\/{rel}","templated":true}]}}