{"id":2159,"date":"2022-03-21T08:45:38","date_gmt":"2022-03-21T11:45:38","guid":{"rendered":"https:\/\/isfd53-bue.infd.edu.ar\/sitio\/?page_id=2159"},"modified":"2025-10-29T10:22:19","modified_gmt":"2025-10-29T13:22:19","slug":"ingresantes-2022","status":"publish","type":"page","link":"https:\/\/isfd53-bue.infd.edu.ar\/sitio\/ingresantes-2022\/","title":{"rendered":"INSCRIPCI\u00d3N 2026"},"content":{"rendered":"\n<p><\/p>\n\n\n\n<figure class=\"wp-block-table is-style-regular\"><table><tbody><tr><td class=\"has-text-align-left\" data-align=\"left\"><img decoding=\"async\" style=\"width: 18px;\" src=\"https:\/\/i53glew.wordpress.com\/wp-content\/uploads\/2025\/10\/vineta-1.png\" alt=\"\"><strong>  Conoce nuestra web<\/strong> <strong>\u00a0<a href=\"https:\/\/i53glew.wordpress.com\/\">click aca<\/a><\/strong><\/td><\/tr><\/tbody><\/table><\/figure>\n\n\n\n<figure class=\"wp-block-table\"><table><tbody><tr><td class=\"has-text-align-left\" data-align=\"left\"><img decoding=\"async\" style=\"width: 18px;\" src=\"https:\/\/i53glew.wordpress.com\/wp-content\/uploads\/2025\/10\/vineta-1.png\" alt=\"\"><strong>  Conoce m\u00e1s sobre nuestras ofertas acad\u00e9micas<\/strong> <strong>\u00a0<a href=\"https:\/\/i53glew.wordpress.com\/ofertas-academicas\/\">click aca<\/a><\/strong><\/td><\/tr><\/tbody><\/table><\/figure>\n\n\n\n<figure class=\"wp-block-table\"><table><tbody><tr><td class=\"has-text-align-left\" data-align=\"left\"><img decoding=\"async\" style=\"width: 18px;\" src=\"https:\/\/i53glew.wordpress.com\/wp-content\/uploads\/2025\/10\/vineta-1.png\" alt=\"\"><strong> <\/strong> <strong>Conoce como realizar tu Pre \u2013 Incripci\u00f3n\u00a0<a href=\"https:\/\/i53glew.wordpress.com\/siu-guarani\/\">click aca<\/a><\/strong><\/td><\/tr><\/tbody><\/table><\/figure>\n\n\n\n<figure class=\"wp-block-table\"><table><tbody><tr><td class=\"has-text-align-left\" data-align=\"left\"><img decoding=\"async\" style=\"width: 18px;\" src=\"https:\/\/i53glew.wordpress.com\/wp-content\/uploads\/2025\/10\/vineta-1.png\" alt=\"\"><strong>  Conoce <\/strong><strong>el nuevo r\u00e9gimen acad\u00e9mico marco<\/strong><\/td><\/tr><\/tbody><\/table><\/figure>\n\n\n\n<figure class=\"wp-block-image\"><a href=\"https:\/\/isfd53-bue.infd.edu.ar\/sitio\/nuevo-r-a-m\/\"><img decoding=\"async\" src=\"https:\/\/i53glew.wordpress.com\/wp-content\/uploads\/2025\/10\/ram.png?w=400\" alt=\"\" class=\"wp-image-113\"\/><\/a><\/figure>\n\n\n\n<figure class=\"wp-block-table\"><table><tbody><tr><td class=\"has-text-align-left\" data-align=\"left\"><img decoding=\"async\" style=\"width: 18px;\" src=\"https:\/\/i53glew.wordpress.com\/wp-content\/uploads\/2025\/10\/vineta-1.png\" alt=\"\"><strong>  <\/strong><strong>Cronograma de fechas de Pre inscripci\u00f3n 2026<\/strong><\/td><\/tr><\/tbody><\/table><\/figure>\n\n\n\n<ul>\n<li><strong>Profesorado de educaci\u00f3n inicial 10\/11\/25 (9 am) al\u00a013\/11\/25<\/strong><\/li>\n<\/ul>\n\n\n\n<ul>\n<li><strong>Profesorado de educaci\u00f3n primaria 12\/11\/25 (9 am) al 15\/11\/2<\/strong>5<\/li>\n<\/ul>\n\n\n\n<ul>\n<li><strong>Profesorado de educaci\u00f3n f\u00edsica 17\/11\/25 (9 am) al 20\/11\/25<\/strong><\/li>\n<\/ul>\n\n\n\n<ul>\n<li><strong>Tecnicatura superior en trabajo social 25\/11\/25 (9 am) al 28\/11\/25<\/strong><\/li>\n<\/ul>\n\n\n\n<ul>\n<li><strong>Tecnicatura superior en enfermer\u00eda 01\/12\/25 (9 am) al 4\/12\/25<\/strong><\/li>\n<\/ul>\n\n\n\n<p><\/p>\n\n\n\n<p><strong>LAS CARRERAS QUE SE DICTAN EN LA INSTITUCI\u00d3N SON:<\/strong><\/p>\n\n\n<h4>TURNO MA\u00d1ANA<\/h4>\n<ul>\n<li><strong>PROFESORADO DE EDUCACI\u00d3N INICIAL<\/strong><\/li>\n<li><strong>TECNICATURA SUPERIOR EN ENFERMERIA<\/strong><\/li>\n<li><strong>PROFESORADO DE EDUCACI\u00d3N F\u00cdSICA (SE CURSA EN CEF 56 &#8211; DON ORIONE)<\/strong><\/li>\n<\/ul>\n<h4>TURNO TARDE<\/h4>\n<ul>\n<li><strong>PROFESORADO DE EDUCACI\u00d3N INICIAL<\/strong><\/li>\n<li><strong>PROFESORADO DE EDUCACI\u00d3N PRIMARIA<\/strong><\/li>\n<li><strong>TECNICATURA SUPERIOR EN ENFERMERIA<\/strong><\/li>\n<li><strong>PROFESORADO DE EDUCACI\u00d3N F\u00cdSICA (SE CURSA EN CEF 56 &#8211; DON ORIONE)<\/strong><\/li>\n<\/ul>\n<h4>TURNO VESPERTINO<\/h4>\n<ul>\n<li><strong>PROFESORADO DE EDUCACI\u00d3N INICIAL<\/strong><\/li>\n<li><strong>PROFESORADO DE EDUCACI\u00d3N PRIMARIA<\/strong><\/li>\n<li><strong>TECNICATURA EN TRABAJO SOCIAL<\/strong><\/li>\n<\/ul>\n\n\n<p><\/p>\n\n\n<p><\/p>\n<h2>&nbsp;<\/h2>\n<p><\/p>\n<hr>\n<hr>\n\n\n<p><\/p>\n\n\n\n<p><\/p>\n\n\n\n<p><\/p>\n\n\n<p><\/p>\n\n\n<p><\/p>\n","protected":false},"excerpt":{"rendered":"<p>Conoce nuestra web \u00a0click aca Conoce m\u00e1s sobre nuestras ofertas acad\u00e9micas \u00a0click aca Conoce como realizar tu Pre \u2013 Incripci\u00f3n\u00a0click aca Conoce el nuevo r\u00e9gimen acad\u00e9mico marco Cronograma de fechas de Pre inscripci\u00f3n 2026 LAS CARRERAS QUE SE DICTAN EN LA INSTITUCI\u00d3N SON: TURNO MA\u00d1ANA PROFESORADO DE EDUCACI\u00d3N INICIAL TECNICATURA SUPERIOR EN ENFERMERIA PROFESORADO DE &#8230; <a title=\"INSCRIPCI\u00d3N 2026\" class=\"read-more\" href=\"https:\/\/isfd53-bue.infd.edu.ar\/sitio\/ingresantes-2022\/\" aria-label=\"More on INSCRIPCI\u00d3N 2026\">[+]<\/a><\/p>\n","protected":false},"author":204,"featured_media":0,"parent":0,"menu_order":0,"comment_status":"closed","ping_status":"closed","template":"","meta":[],"acf":[],"_links":{"self":[{"href":"https:\/\/isfd53-bue.infd.edu.ar\/sitio\/wp-json\/wp\/v2\/pages\/2159"}],"collection":[{"href":"https:\/\/isfd53-bue.infd.edu.ar\/sitio\/wp-json\/wp\/v2\/pages"}],"about":[{"href":"https:\/\/isfd53-bue.infd.edu.ar\/sitio\/wp-json\/wp\/v2\/types\/page"}],"author":[{"embeddable":true,"href":"https:\/\/isfd53-bue.infd.edu.ar\/sitio\/wp-json\/wp\/v2\/users\/204"}],"replies":[{"embeddable":true,"href":"https:\/\/isfd53-bue.infd.edu.ar\/sitio\/wp-json\/wp\/v2\/comments?post=2159"}],"version-history":[{"count":30,"href":"https:\/\/isfd53-bue.infd.edu.ar\/sitio\/wp-json\/wp\/v2\/pages\/2159\/revisions"}],"predecessor-version":[{"id":2672,"href":"https:\/\/isfd53-bue.infd.edu.ar\/sitio\/wp-json\/wp\/v2\/pages\/2159\/revisions\/2672"}],"wp:attachment":[{"href":"https:\/\/isfd53-bue.infd.edu.ar\/sitio\/wp-json\/wp\/v2\/media?parent=2159"}],"curies":[{"name":"wp","href":"https:\/\/api.w.org\/{rel}","templated":true}]}}