{"id":1749,"date":"2021-05-14T23:07:08","date_gmt":"2021-05-15T02:07:08","guid":{"rendered":"https:\/\/isfd53-bue.infd.edu.ar\/sitio\/?page_id=1749"},"modified":"2021-05-18T20:15:58","modified_gmt":"2021-05-18T23:15:58","slug":"centro-de-estudiantes","status":"publish","type":"page","link":"https:\/\/isfd53-bue.infd.edu.ar\/sitio\/centro-de-estudiantes\/","title":{"rendered":"CENTRO DE ESTUDIANTES"},"content":{"rendered":"<h1 style=\"text-align: center;\"><strong>\u2022Atenci\u00f3n estudiantes del 53\u2022<\/strong><\/h1>\n<p>El Centro de Estudiantes se reuni\u00f3 con una compa\u00f1era del instituto que tiene una librer\u00eda y que decidi\u00f3 hacer un precio econ\u00f3mico para estudiantes de nuestro instituto, el precio de la copia\/impresi\u00f3n es de <strong>$2, 00<\/strong> y la librer\u00eda queda en M\u00e9ndez 1360, esquina Alsina, barrio Santa Ana, Glew. A 10 cuadras de la estaci\u00f3n de Glew, pueden retirar las impresiones all\u00ed.<\/p>\n<p>Nos dejo su n\u00famero de WhatsApp en el que recibir\u00e1 sus pedidos de Lunes a Viernes de 13hs a 19hs. <em>Wap: 1121574932, Micaela.<\/em><\/p>\n<p>&nbsp;<\/p>\n<p><img decoding=\"async\" loading=\"lazy\" class=\"size-medium wp-image-1773 aligncenter\" src=\"https:\/\/isfd53-bue.infd.edu.ar\/sitio\/wp-content\/uploads\/2021\/05\/processed-1000x709.jpeg\" alt=\"\" width=\"1000\" height=\"709\" srcset=\"https:\/\/isfd53-bue.infd.edu.ar\/sitio\/wp-content\/uploads\/2021\/05\/processed-1000x709.jpeg 1000w, https:\/\/isfd53-bue.infd.edu.ar\/sitio\/wp-content\/uploads\/2021\/05\/processed-768x545.jpeg 768w, https:\/\/isfd53-bue.infd.edu.ar\/sitio\/wp-content\/uploads\/2021\/05\/processed.jpeg 1280w\" sizes=\"(max-width: 1000px) 100vw, 1000px\" \/><\/p>\n","protected":false},"excerpt":{"rendered":"<p>\u2022Atenci\u00f3n estudiantes del 53\u2022 El Centro de Estudiantes se reuni\u00f3 con una compa\u00f1era del instituto que tiene una librer\u00eda y que decidi\u00f3 hacer un precio econ\u00f3mico para estudiantes de nuestro instituto, el precio de la copia\/impresi\u00f3n es de $2, 00 y la librer\u00eda queda en M\u00e9ndez 1360, esquina Alsina, barrio Santa Ana, Glew. A 10 &#8230; <a title=\"CENTRO DE ESTUDIANTES\" class=\"read-more\" href=\"https:\/\/isfd53-bue.infd.edu.ar\/sitio\/centro-de-estudiantes\/\" aria-label=\"More on CENTRO DE ESTUDIANTES\">[+]<\/a><\/p>\n","protected":false},"author":192,"featured_media":0,"parent":0,"menu_order":0,"comment_status":"closed","ping_status":"closed","template":"","meta":[],"acf":[],"_links":{"self":[{"href":"https:\/\/isfd53-bue.infd.edu.ar\/sitio\/wp-json\/wp\/v2\/pages\/1749"}],"collection":[{"href":"https:\/\/isfd53-bue.infd.edu.ar\/sitio\/wp-json\/wp\/v2\/pages"}],"about":[{"href":"https:\/\/isfd53-bue.infd.edu.ar\/sitio\/wp-json\/wp\/v2\/types\/page"}],"author":[{"embeddable":true,"href":"https:\/\/isfd53-bue.infd.edu.ar\/sitio\/wp-json\/wp\/v2\/users\/192"}],"replies":[{"embeddable":true,"href":"https:\/\/isfd53-bue.infd.edu.ar\/sitio\/wp-json\/wp\/v2\/comments?post=1749"}],"version-history":[{"count":3,"href":"https:\/\/isfd53-bue.infd.edu.ar\/sitio\/wp-json\/wp\/v2\/pages\/1749\/revisions"}],"predecessor-version":[{"id":1774,"href":"https:\/\/isfd53-bue.infd.edu.ar\/sitio\/wp-json\/wp\/v2\/pages\/1749\/revisions\/1774"}],"wp:attachment":[{"href":"https:\/\/isfd53-bue.infd.edu.ar\/sitio\/wp-json\/wp\/v2\/media?parent=1749"}],"curies":[{"name":"wp","href":"https:\/\/api.w.org\/{rel}","templated":true}]}}