{"id":1601,"date":"2021-03-22T23:43:35","date_gmt":"2021-03-23T02:43:35","guid":{"rendered":"https:\/\/isfd53-bue.infd.edu.ar\/sitio\/?page_id=1601"},"modified":"2022-04-05T12:40:57","modified_gmt":"2022-04-05T15:40:57","slug":"c-a-i-consejo-academico-institucional","status":"publish","type":"page","link":"https:\/\/isfd53-bue.infd.edu.ar\/sitio\/c-a-i-consejo-academico-institucional\/","title":{"rendered":"C.A.I."},"content":{"rendered":"\n<figure class=\"wp-block-image size-large\"><img decoding=\"async\" src=\"https:\/\/isfd53-bue.infd.edu.ar\/sitio\/wp-content\/uploads\/2022\/04\/REUNION-EXTRAORDINARIA_page-0001.jpg\" alt=\"\" class=\"wp-image-2212\"\/><\/figure>\n\n\n\n<figure class=\"wp-block-image size-large\"><img decoding=\"async\" loading=\"lazy\" width=\"943\" height=\"1543\" src=\"https:\/\/isfd53-bue.infd.edu.ar\/sitio\/wp-content\/uploads\/2022\/02\/Convocatoria-del-Reunion-del-CAI-jueves-03_page-0001.jpg\" alt=\"\" class=\"wp-image-2106\" srcset=\"https:\/\/isfd53-bue.infd.edu.ar\/sitio\/wp-content\/uploads\/2022\/02\/Convocatoria-del-Reunion-del-CAI-jueves-03_page-0001.jpg 943w, https:\/\/isfd53-bue.infd.edu.ar\/sitio\/wp-content\/uploads\/2022\/02\/Convocatoria-del-Reunion-del-CAI-jueves-03_page-0001-611x1000.jpg 611w, https:\/\/isfd53-bue.infd.edu.ar\/sitio\/wp-content\/uploads\/2022\/02\/Convocatoria-del-Reunion-del-CAI-jueves-03_page-0001-768x1257.jpg 768w, https:\/\/isfd53-bue.infd.edu.ar\/sitio\/wp-content\/uploads\/2022\/02\/Convocatoria-del-Reunion-del-CAI-jueves-03_page-0001-939x1536.jpg 939w\" sizes=\"(max-width: 943px) 100vw, 943px\" \/><\/figure>\n\n\n\n<figure class=\"wp-block-image size-large is-resized\"><img decoding=\"async\" loading=\"lazy\" src=\"https:\/\/isfd53-bue.infd.edu.ar\/sitio\/wp-content\/uploads\/2022\/02\/Convocatoria-del-Reunion-del-CAI-jueves-03_page-0002.jpg\" alt=\"\" class=\"wp-image-2107\" width=\"836\" height=\"376\" srcset=\"https:\/\/isfd53-bue.infd.edu.ar\/sitio\/wp-content\/uploads\/2022\/02\/Convocatoria-del-Reunion-del-CAI-jueves-03_page-0002.jpg 1240w, https:\/\/isfd53-bue.infd.edu.ar\/sitio\/wp-content\/uploads\/2022\/02\/Convocatoria-del-Reunion-del-CAI-jueves-03_page-0002-1000x450.jpg 1000w, https:\/\/isfd53-bue.infd.edu.ar\/sitio\/wp-content\/uploads\/2022\/02\/Convocatoria-del-Reunion-del-CAI-jueves-03_page-0002-768x346.jpg 768w\" sizes=\"(max-width: 836px) 100vw, 836px\" \/><\/figure>\n\n\n\n<figure class=\"wp-block-image size-large\"><img decoding=\"async\" loading=\"lazy\" width=\"1056\" height=\"1411\" src=\"https:\/\/isfd53-bue.infd.edu.ar\/sitio\/wp-content\/uploads\/2021\/12\/COMUNICADO-N-10-RENOVACION-del-CAI_page-0001.jpg\" alt=\"\" class=\"wp-image-2060\" srcset=\"https:\/\/isfd53-bue.infd.edu.ar\/sitio\/wp-content\/uploads\/2021\/12\/COMUNICADO-N-10-RENOVACION-del-CAI_page-0001.jpg 1056w, https:\/\/isfd53-bue.infd.edu.ar\/sitio\/wp-content\/uploads\/2021\/12\/COMUNICADO-N-10-RENOVACION-del-CAI_page-0001-748x1000.jpg 748w, https:\/\/isfd53-bue.infd.edu.ar\/sitio\/wp-content\/uploads\/2021\/12\/COMUNICADO-N-10-RENOVACION-del-CAI_page-0001-768x1026.jpg 768w\" sizes=\"(max-width: 1056px) 100vw, 1056px\" \/><\/figure>\n\n\n\n<p>                                                                                                                  Mi\u00e9rcoles 17 de Noviembre del 2021.<br><strong>REUNION DEL CONSEJO ACADEMICO INSTITUCIONAL.<\/strong><br>CONVOCATORIA A REUNION.<br>Se convoca a sesionar el Mi\u00e9rcoles 24 de Noviembre del 2021 a las 18hs.<br>Orden del d\u00eda:<br>1) Concursos de 3\u00b0 a\u00f1o del Profesorado de Educaci\u00f3n Inicial.<br>2) Concursos de 3\u00b0 a\u00f1o de la Tecnicatura de Enfermer\u00eda.<br>3) Concurso Primaria.<br>4) Profesorado de Educaci\u00f3n Inicial.<br>5) Tratamiento del Ingreso a 1er a\u00f1o. R\u00c9GIMEN ACAD\u00c9MICO MARCO<br>Ingreso, Trayectoria y Promoci\u00f3n del estudiante de Educaci\u00f3n Superior: Resoluci\u00f3n<br>4043\/09, Ampliatoria 32\/10, Resoluci\u00f3n 1639\/17.<br><strong><em>Link de la reuni\u00f3n: https:\/\/meet.google.com\/uaa-canm-ant.<\/em><\/strong><br>Los y las espero, Saludos Cordiales.<br>Fernandez Gladys. Directora.<\/p>\n\n\n\n<p>20 de octubre del 2021.<\/p>\n\n\n\n<p>REUNION DEL CONSEJO ACADEMICO INSTITUCIONAL.<\/p>\n\n\n\n<p><strong>CONVOCATORIA&nbsp;&nbsp; A REUNION.<\/strong><\/p>\n\n\n\n<p><strong>&nbsp;Se convoca a sesionar el Miercoles 27 de octubre&nbsp; del 2021 a las 18hs.<\/strong><\/p>\n\n\n\n<p><strong>Orden del d\u00eda:<\/strong><\/p>\n\n\n\n<ol type=\"1\"><li><strong>Tratamiento de la oferta educativa para el ciclo lectivo 2022.<\/strong><\/li><\/ol>\n\n\n\n<p>EL Instituto Superior de Formaci\u00f3n Docente y T\u00e9cnico N\u00b0 53. Mar\u00eda Ester Tommasi.<\/p>\n\n\n\n<p>Mantiene la oferta vigente y solicita:<\/p>\n\n\n\n<ol type=\"a\"><li><strong>Profesorado de Educaci\u00f3n Inicial: apertura de 3\u00ba a\u00f1o Turno Ma\u00f1ana por crecimiento vegetativo.<\/strong><\/li><li><strong>Enfermer\u00eda: apertura de 3\u00ba a\u00f1o Turno Ma\u00f1ana por crecimiento vegetativo.<\/strong><\/li><li><strong>Tecnicatura Superior en Trabajo Social: apertura de 3er a\u00f1o&nbsp; y 4to a\u00f1o Turno Vespertino por crecimiento vegetativo.<\/strong><\/li><li><strong>Apertura del Post\u00edtulo de Enfermer\u00eda en Neonatolog\u00eda. (1684\/13) Turno Ma\u00f1ana.<\/strong><\/li><\/ol>\n\n\n\n<ul><li><strong>Tratamiento del Ingreso a 1er a\u00f1o. R\u00c9GIMEN ACAD\u00c9MICO MARCO<\/strong><\/li><\/ul>\n\n\n\n<p>Ingreso, Trayectoria y Promoci\u00f3n del estudiante de Educaci\u00f3n Superior: Resoluci\u00f3n 4043\/09, Ampliatoria 32\/10, Resoluci\u00f3n 1639\/17.<\/p>\n\n\n\n<ul><li><strong>Elecciones del C.A.I. CRONOGRAMA.<\/strong> DIFUSION AL CLAUSTRO DE: <strong>Docentes \/ alumnos \/ graduados.<\/strong><\/li><\/ul>\n\n\n\n<p>Link de la reuni\u00f3n: <a href=\"https:\/\/meet.google.com\/uaa-canm-ant\">https:\/\/meet.google.com\/uaa-canm-ant<\/a>.<\/p>\n\n\n\n<p><strong><em>Los&nbsp; y las &nbsp;espero, Saludos Cordiales.<\/em><\/strong><\/p>\n\n\n\n<p><strong><em>Fernandez Gladys. Directora.<\/em><\/strong><\/p>\n\n\n\n<p><\/p>\n\n\n\n<p><\/p>\n\n\n\n<p>Glew, 17\/8\/2021<\/p>\n\n\n\n<p>Se remite la siguiente informaci\u00f3n para pronta difusi\u00f3n y comunicaci\u00f3n para la comunidad educativa:<\/p>\n\n\n\n<p>La pr\u00f3xima reuni\u00f3n ordinaria del CAI, ser\u00e1 el mi\u00e9rcoles 25\/8 a las 18 hs:<\/p>\n\n\n\n<p>Temas a tratar:<\/p>\n\n\n\n<p>*Votar Concurso Atento Ciencias Naturales.<\/p>\n\n\n\n<p>*Votar planilla de anexo III resoluci\u00f3n 5886\/3<\/p>\n\n\n\n<p>ENLACE:<\/p>\n\n\n\n<p><a href=\"https:\/\/meet.google.com\/uaa-canm-ant\">https:\/\/meet.google.com\/uaa-canm-ant<\/a><\/p>\n\n\n\n<p>Los esperamos, <\/p>\n\n\n\n<p>                              Los miembros del CAI<\/p>\n\n\n\n<p>___________________________________________________________________________________________________________________________<\/p>\n\n\n\n<p><\/p>\n\n\n\n<p>                                                                                                                                                                                       Glew, 12\/8\/2021<\/p>\n\n\n\n<p>Se remite la siguiente informaci\u00f3n para pronta difusi\u00f3n y comunicaci\u00f3n para la comunidad educativa:<\/p>\n\n\n\n<p>La pr\u00f3xima reuni\u00f3n ordinaria del CAI, ser\u00e1 el  martes 17\/8 a las 18 hs: <\/p>\n\n\n\n<p>ENLACE: <\/p>\n\n\n\n<p><strong>https:\/\/meet.google.com\/uaa-canm-ant<\/strong><\/p>\n\n\n\n<p>El orden del d\u00eda es: <\/p>\n\n\n\n<p>-Programa ATR<\/p>\n\n\n\n<p>-Planilla de asignaci\u00f3n de puntaje a los antecedentes de postulantes para concursos docentes.<\/p>\n\n\n\n<p>Les recordamos que las reuniones del CAI son p\u00fablicas, por lo que est\u00e1n todos invitados.<\/p>\n\n\n\n<p>Los esperamos, <\/p>\n\n\n\n<p>                               Los miembros del CAI<\/p>\n\n\n\n<div class=\"wp-block-cover has-background-dim\"><img decoding=\"async\" loading=\"lazy\" width=\"1240\" height=\"1755\" class=\"wp-block-cover__image-background wp-image-1851\" alt=\"\" src=\"https:\/\/isfd53-bue.infd.edu.ar\/sitio\/wp-content\/uploads\/2021\/08\/REUNION-DEL-CAI.AGOSTO_page-0001.jpg\" data-object-fit=\"cover\" srcset=\"https:\/\/isfd53-bue.infd.edu.ar\/sitio\/wp-content\/uploads\/2021\/08\/REUNION-DEL-CAI.AGOSTO_page-0001.jpg 1240w, https:\/\/isfd53-bue.infd.edu.ar\/sitio\/wp-content\/uploads\/2021\/08\/REUNION-DEL-CAI.AGOSTO_page-0001-707x1000.jpg 707w, https:\/\/isfd53-bue.infd.edu.ar\/sitio\/wp-content\/uploads\/2021\/08\/REUNION-DEL-CAI.AGOSTO_page-0001-768x1087.jpg 768w, https:\/\/isfd53-bue.infd.edu.ar\/sitio\/wp-content\/uploads\/2021\/08\/REUNION-DEL-CAI.AGOSTO_page-0001-1085x1536.jpg 1085w\" sizes=\"(max-width: 1240px) 100vw, 1240px\" \/><div class=\"wp-block-cover__inner-container\">\n<p class=\"has-large-font-size\"><\/p>\n<\/div><\/div>\n\n\n<p><\/p>\n<p>Almirante Brown, 22\/06\/2021<\/p>\n<p><strong><em>Se remite la siguiente informaci\u00f3n para pronta difusi\u00f3n y comunicaci\u00f3n a la comunidad educativa:<\/em><\/strong><\/p>\n<p><span style=\"color: #3366ff;\"><strong><u>La pr\u00f3xima reuni\u00f3n ordinaria del CAI se realizar\u00e1 el lunes 28 de junio&nbsp;<\/u><\/strong><strong><u>a las 18hs. por Meet<\/u><\/strong><strong>.<\/strong><\/span><\/p>\n<p><a href=\"https:\/\/meet.google.com\/uaa-canm-ant\">https:\/\/meet.google.com\/uaa-canm-ant<\/a><\/p>\n<p>El orden del d\u00eda es:<\/p>\n<ul>\n<li><strong><em>Tratamiento de la comunicaci\u00f3n N\u00b0 4\/21 de la DGCyE -DPES para la definici\u00f3n del Plan de Evaluaci\u00f3n Institucional <\/em><\/strong><\/li>\n<\/ul>\n<p>Es oportuno recordar, que&nbsp;<strong>las reuniones del CAI son p\u00fablicas<\/strong>, por los cual est\u00e1 todos invitados.<\/p>\n<p style=\"text-align: right;\">Los esperamos, los miembros del CAI<\/p>\n<p><\/p>\n<p>Almirante Brown, 07\/6\/2021<\/p>\n<p><strong><em>Se remite la siguiente informaci\u00f3n para pronta difusi\u00f3n y comunicaci\u00f3n a la comunidad educativa:<\/em><\/strong><\/p>\n<p>La pr\u00f3xima reuni\u00f3n ordinaria del CAI se realizar\u00e1 el mi\u00e9rcoles<strong>&nbsp;16 de junio de 2021 a las 18 horas por meet.<\/strong><\/p>\n<p><a href=\"https:\/\/meet.google.com\/umo-wuau-yhq\">https:\/\/meet.google.com\/umo-wuau-yhq<\/a><\/p>\n<p><strong>El orden del d\u00eda es:<\/strong><\/p>\n<ul>\n<li><strong><em>Tratamiento de la comunicaci\u00f3n N\u00b0 4\/21 de la DGCyE -DPES para la definici\u00f3n del Plan de Evaluaci\u00f3n Institucional <\/em><\/strong><\/li>\n<li><strong><em>Tratamiento de las presentaciones de los docentes en el marco de la convocatoria a Ayudant\u00edas de C\u00e1tedra.<\/em><\/strong><\/li>\n<\/ul>\n<p>Es oportuno recordar, que&nbsp;<strong>las reuniones del CAI son p\u00fablicas<\/strong>, por los cual est\u00e1 todos invitados.<\/p>\n<p>Los esperamos, los miembros del CAI<\/p>\n<p><\/p>\n<p style=\"text-align: right;\"><span style=\"font-weight: 400;\">Almirante Brown, 26\/5\/2021<\/span><\/p>\n<p><b><i>Se remite la siguiente informaci\u00f3n para pronta difusi\u00f3n y comunicaci\u00f3n a la comunidad educativa:<\/i><\/b><\/p>\n<p><span style=\"font-weight: 400;\">La pr\u00f3xima reuni\u00f3n ordinaria del CAI se realizar\u00e1 el mi\u00e9rcoles<\/span><span style=\"color: #0000ff;\"><b>&nbsp;2 de junio de 2021 a las 18 horas por meet.<\/b><\/span><\/p>\n<p><span style=\"font-weight: 400;\">https:\/\/meet.google.com\/umo-wuau-yhq<\/span><\/p>\n<p><span style=\"font-weight: 400;\">El orden del d\u00eda es:<\/span><\/p>\n<ul>\n<li style=\"font-weight: 400;\" aria-level=\"1\"><span style=\"font-weight: 400;\">Tratamiento de la comunicaci\u00f3n N\u00b0 4\/21 de la DGCyE -DPES para la definici\u00f3n del Plan de Evaluaci\u00f3n Institucional&nbsp;<\/span><\/li>\n<li style=\"font-weight: 400;\" aria-level=\"1\"><span style=\"font-weight: 400;\">Tratamiento de las presentaciones de los docentes en el marco de la convocatoria a Ayudant\u00edas de C\u00e1tedra<\/span><\/li>\n<\/ul>\n<p><span style=\"font-weight: 400;\">Es oportuno recordar, que&nbsp;<\/span><b>las reuniones del CAI son p\u00fablicas<\/b><span style=\"font-weight: 400;\">, por los cual est\u00e1 todos invitados.<\/span><\/p>\n<p style=\"text-align: right;\"><span style=\"font-weight: 400;\">Los esperamos, los miembros del CAI<\/span><\/p>\n<p><\/p>\n<p style=\"text-align: right;\">Almirante Brown, 17\/4\/2021<\/p>\n<p><em><strong>Se remite la siguiente informaci\u00f3n para pronta difusi\u00f3n y comunicaci\u00f3n a la comunidad educativa:<\/strong><\/em><\/p>\n<p>La pr\u00f3xima reuni\u00f3n del CAI se realizar\u00e1 el mi\u00e9rcoles<strong><span style=\"color: #3366ff;\"> 28 de abril de 2021 a las 17 horas por meet.<\/span><\/strong><\/p>\n<p><a href=\"http:\/\/meet.google.com\/uaa-canm-ant\">http:\/\/meet.google.com\/uaa-canm-ant<\/a><\/p>\n<p>El orden del d\u00eda es:<\/p>\n<ul>\n<li>Actualizaci\u00f3n del RAI<\/li>\n<li>Protocolo ayudantes de c\u00e1tedra<\/li>\n<li>Propuesta vinculadas al RAI para los alumnos que no pudieron ingresar a las carreras<\/li>\n<li>Programa de ayudant\u00eda para los alumnos de primer a\u00f1o<\/li>\n<li>ATR vinculado al RAI<\/li>\n<li>Memoria de lo actuado por este CAI<\/li>\n<\/ul>\n<p>Es oportuno recordar, que <strong>las reuniones del CAI son p\u00fablicas<\/strong>, por los cual est\u00e1 todos invitados.<\/p>\n<p>Los esperamos, los miembros del CAI<\/p>\n<p><\/p>\n\n\n<p><\/p>\n","protected":false},"excerpt":{"rendered":"<p>Mi\u00e9rcoles 17 de Noviembre del 2021.REUNION DEL CONSEJO ACADEMICO INSTITUCIONAL.CONVOCATORIA A REUNION.Se convoca a sesionar el Mi\u00e9rcoles 24 de Noviembre del 2021 a las 18hs.Orden del d\u00eda:1) Concursos de 3\u00b0 a\u00f1o del Profesorado de Educaci\u00f3n Inicial.2) Concursos de 3\u00b0 a\u00f1o de la Tecnicatura de Enfermer\u00eda.3) Concurso Primaria.4) Profesorado de Educaci\u00f3n Inicial.5) Tratamiento del Ingreso a &#8230; <a title=\"C.A.I.\" class=\"read-more\" href=\"https:\/\/isfd53-bue.infd.edu.ar\/sitio\/c-a-i-consejo-academico-institucional\/\" aria-label=\"More on C.A.I.\">[+]<\/a><\/p>\n","protected":false},"author":192,"featured_media":0,"parent":0,"menu_order":0,"comment_status":"closed","ping_status":"closed","template":"","meta":[],"acf":[],"_links":{"self":[{"href":"https:\/\/isfd53-bue.infd.edu.ar\/sitio\/wp-json\/wp\/v2\/pages\/1601"}],"collection":[{"href":"https:\/\/isfd53-bue.infd.edu.ar\/sitio\/wp-json\/wp\/v2\/pages"}],"about":[{"href":"https:\/\/isfd53-bue.infd.edu.ar\/sitio\/wp-json\/wp\/v2\/types\/page"}],"author":[{"embeddable":true,"href":"https:\/\/isfd53-bue.infd.edu.ar\/sitio\/wp-json\/wp\/v2\/users\/192"}],"replies":[{"embeddable":true,"href":"https:\/\/isfd53-bue.infd.edu.ar\/sitio\/wp-json\/wp\/v2\/comments?post=1601"}],"version-history":[{"count":18,"href":"https:\/\/isfd53-bue.infd.edu.ar\/sitio\/wp-json\/wp\/v2\/pages\/1601\/revisions"}],"predecessor-version":[{"id":2213,"href":"https:\/\/isfd53-bue.infd.edu.ar\/sitio\/wp-json\/wp\/v2\/pages\/1601\/revisions\/2213"}],"wp:attachment":[{"href":"https:\/\/isfd53-bue.infd.edu.ar\/sitio\/wp-json\/wp\/v2\/media?parent=1601"}],"curies":[{"name":"wp","href":"https:\/\/api.w.org\/{rel}","templated":true}]}}